{"id":4,"date":"2014-11-29T16:46:00","date_gmt":"2014-11-29T15:46:00","guid":{"rendered":"http:\/\/alma.splet.arnes.si\/?page_id=2"},"modified":"2025-06-05T11:45:48","modified_gmt":"2025-06-05T09:45:48","slug":"vzorcna-stran","status":"publish","type":"page","link":"https:\/\/alma.splet.arnes.si\/","title":{"rendered":"UVODNA STRAN"},"content":{"rendered":"<p>Na spletni strani boste na\u0161li \u0161tevilne uporabne povezave na razli\u010dne spletne strani z nalogami za vajo in u\u010denje.<\/p>\n<h2 style=\"text-align: center\"><span style=\"color: #00ccff\">Veliko zabave pri raziskovanju!<\/span><\/h2>\n<hr>\n<h4>\u0160E NEKAJ NASVETOV:<\/h4>\n<h3><span style=\"color: #008080\">&nbsp;VAJE ZA VSE PREDMETE<\/span><\/h3>\n<p>Vaje za vse predmete najdete na zanimivi spletni strani, ki jo je izdelala Damjana Vidmar. Oglejte si jih.<\/p>\n<p style=\"text-align: center\"><a href=\"https:\/\/interaktivne-vaje.si\/\" target=\"_blank\" rel=\"noopener\">Interaktivne vaje za u\u010denje za 1. do 9. razred (interaktivne-vaje.si)<\/a><\/p>\n<p style=\"text-align: left\"><strong><span style=\"color: #008080\">ELEKTRONSKI U\u010cBENIKI ZA RAZLI\u010cNE PREDMETE<\/span><\/strong><\/p>\n<p>S pomo\u010djo u\u010dbenikov, ki so za vas pripravljeni v elektronski obliki lahko osvojite novo znanje ali pa preverite \u017ee osvojeno znanje. U\u010dbeniki so namenjeni predmetom: ANGLE\u0160\u010cINA, SLOVEN\u0160\u010cINA, MATEMATIKA, FIZIKA, KEMIJA, NARAVOSLOVJE, NEM\u0160\u010cINA, GEOGRAFIJA, GLASBENA UMETNOST, LIKOVNA UMETNOST in \u0160PORT<\/p>\n<p>U\u010dbenike najdete na naslednjem spletnem naslovu:<\/p>\n<p style=\"text-align: center\"><a href=\"https:\/\/eucbeniki.sio.si\/\" target=\"_blank\" rel=\"noopener\">https:\/\/eucbeniki.sio.si\/<\/a><\/p>\n","protected":false},"excerpt":{"rendered":"<p>Na spletni strani boste na\u0161li \u0161tevilne uporabne povezave na razli\u010dne spletne strani z nalogami za vajo in u\u010denje. Veliko zabave pri raziskovanju! \u0160E NEKAJ NASVETOV: &nbsp;VAJE ZA VSE PREDMETE Vaje za vse predmete najdete&#46;&#46;&#46;<\/p>\n","protected":false},"author":274,"featured_media":0,"parent":0,"menu_order":0,"comment_status":"open","ping_status":"open","template":"","meta":{"ngg_post_thumbnail":0,"footnotes":""},"class_list":["post-4","page","type-page","status-publish","hentry"],"_links":{"self":[{"href":"https:\/\/alma.splet.arnes.si\/index.php?rest_route=\/wp\/v2\/pages\/4","targetHints":{"allow":["GET"]}}],"collection":[{"href":"https:\/\/alma.splet.arnes.si\/index.php?rest_route=\/wp\/v2\/pages"}],"about":[{"href":"https:\/\/alma.splet.arnes.si\/index.php?rest_route=\/wp\/v2\/types\/page"}],"author":[{"embeddable":true,"href":"https:\/\/alma.splet.arnes.si\/index.php?rest_route=\/wp\/v2\/users\/274"}],"replies":[{"embeddable":true,"href":"https:\/\/alma.splet.arnes.si\/index.php?rest_route=%2Fwp%2Fv2%2Fcomments&post=4"}],"version-history":[{"count":11,"href":"https:\/\/alma.splet.arnes.si\/index.php?rest_route=\/wp\/v2\/pages\/4\/revisions"}],"predecessor-version":[{"id":801,"href":"https:\/\/alma.splet.arnes.si\/index.php?rest_route=\/wp\/v2\/pages\/4\/revisions\/801"}],"wp:attachment":[{"href":"https:\/\/alma.splet.arnes.si\/index.php?rest_route=%2Fwp%2Fv2%2Fmedia&parent=4"}],"curies":[{"name":"wp","href":"https:\/\/api.w.org\/{rel}","templated":true}]}}